{"id":1059,"date":"2026-04-09T15:50:58","date_gmt":"2026-04-09T18:50:58","guid":{"rendered":"https:\/\/cursos.ic.ufmt.br\/?page_id=1059"},"modified":"2026-04-09T15:50:58","modified_gmt":"2026-04-09T18:50:58","slug":"submissao-de-cursos","status":"publish","type":"page","link":"https:\/\/cursos.ic.ufmt.br\/index.php\/submissao-de-cursos\/","title":{"rendered":"Submiss\u00e3o de Cursos"},"content":{"rendered":"\n<div class=\"wpcf7 no-js\" id=\"wpcf7-f996-o1\" lang=\"pt-BR\" dir=\"ltr\" data-wpcf7-id=\"996\">\n<div class=\"screen-reader-response\"><p role=\"status\" aria-live=\"polite\" aria-atomic=\"true\"><\/p> <ul><\/ul><\/div>\n<form action=\"\/index.php\/wp-json\/wp\/v2\/pages\/1059#wpcf7-f996-o1\" method=\"post\" class=\"wpcf7-form init\" aria-label=\"Formul\u00e1rios de contato\" novalidate=\"novalidate\" data-status=\"init\">\n<fieldset class=\"hidden-fields-container\"><input type=\"hidden\" name=\"_wpcf7\" value=\"996\" \/><input type=\"hidden\" name=\"_wpcf7_version\" value=\"6.1.5\" \/><input type=\"hidden\" name=\"_wpcf7_locale\" value=\"pt_BR\" \/><input type=\"hidden\" name=\"_wpcf7_unit_tag\" value=\"wpcf7-f996-o1\" \/><input type=\"hidden\" name=\"_wpcf7_container_post\" value=\"0\" \/><input type=\"hidden\" name=\"_wpcf7_posted_data_hash\" value=\"\" \/>\n<\/fieldset>\n<p><label> Nome completo do\/a autor\/a<br \/>\n<span class=\"wpcf7-form-control-wrap\" data-name=\"nome-autor\"><input size=\"40\" maxlength=\"400\" class=\"wpcf7-form-control wpcf7-text wpcf7-validates-as-required\" aria-required=\"true\" aria-invalid=\"false\" value=\"\" type=\"text\" name=\"nome-autor\" \/><\/span> <\/label>\n<\/p>\n<p><label> RGA (se estudante)<br \/>\n<span class=\"wpcf7-form-control-wrap\" data-name=\"rga\"><input size=\"40\" maxlength=\"400\" class=\"wpcf7-form-control wpcf7-text\" aria-invalid=\"false\" value=\"\" type=\"text\" name=\"rga\" \/><\/span> <\/label>\n<\/p>\n<p><label> CPF<br \/>\n<span class=\"wpcf7-form-control-wrap\" data-name=\"cpf\"><input size=\"40\" maxlength=\"400\" class=\"wpcf7-form-control wpcf7-text wpcf7-validates-as-required\" aria-required=\"true\" aria-invalid=\"false\" value=\"\" type=\"text\" name=\"cpf\" \/><\/span> <\/label>\n<\/p>\n<p><label> E-mail para contato<br \/>\n<span class=\"wpcf7-form-control-wrap\" data-name=\"seu-email\"><input size=\"40\" maxlength=\"400\" class=\"wpcf7-form-control wpcf7-email wpcf7-validates-as-required wpcf7-text wpcf7-validates-as-email\" aria-required=\"true\" aria-invalid=\"false\" value=\"\" type=\"email\" name=\"seu-email\" \/><\/span> <\/label>\n<\/p>\n<p><label> T\u00edtulo do curso<br \/>\n<span class=\"wpcf7-form-control-wrap\" data-name=\"titulo-curso\"><input size=\"40\" maxlength=\"400\" class=\"wpcf7-form-control wpcf7-text wpcf7-validates-as-required\" aria-required=\"true\" aria-invalid=\"false\" value=\"\" type=\"text\" name=\"titulo-curso\" \/><\/span> <\/label>\n<\/p>\n<p><label> Local (Pr\u00e9dio\/Sala ou link se online)<br \/>\n<span class=\"wpcf7-form-control-wrap\" data-name=\"local-curso\"><input size=\"40\" maxlength=\"400\" class=\"wpcf7-form-control wpcf7-text wpcf7-validates-as-required\" aria-required=\"true\" aria-invalid=\"false\" value=\"\" type=\"text\" name=\"local-curso\" \/><\/span> <\/label>\n<\/p>\n<p><label> Munic\u00edpio de realiza\u00e7\u00e3o<br \/>\n<span class=\"wpcf7-form-control-wrap\" data-name=\"municipio\"><select class=\"wpcf7-form-control wpcf7-select wpcf7-validates-as-required\" aria-required=\"true\" aria-invalid=\"false\" name=\"municipio\"><option value=\"Cuiab\u00e1\">Cuiab\u00e1<\/option><option value=\"V\u00e1rzea Grande\">V\u00e1rzea Grande<\/option><option value=\"Rondon\u00f3polis\">Rondon\u00f3polis<\/option><option value=\"Sinop\">Sinop<\/option><option value=\"Araguaia\">Araguaia<\/option><option value=\"Outro\">Outro<\/option><\/select><\/span> <\/label>\n<\/p>\n<p><label> Carga hor\u00e1ria total (em horas)<br \/>\n<span class=\"wpcf7-form-control-wrap\" data-name=\"carga-horaria\"><input class=\"wpcf7-form-control wpcf7-number wpcf7-validates-as-required wpcf7-validates-as-number\" min=\"1\" aria-required=\"true\" aria-invalid=\"false\" value=\"\" type=\"number\" name=\"carga-horaria\" \/><\/span> <\/label>\n<\/p>\n<p><label> Data de in\u00edcio do curso<br \/>\n<span class=\"wpcf7-form-control-wrap\" data-name=\"data-inicio\"><input class=\"wpcf7-form-control wpcf7-date wpcf7-validates-as-required wpcf7-validates-as-date\" aria-required=\"true\" aria-invalid=\"false\" value=\"\" type=\"date\" name=\"data-inicio\" \/><\/span> <\/label>\n<\/p>\n<p><label> Data de t\u00e9rmino do curso<br \/>\n<span class=\"wpcf7-form-control-wrap\" data-name=\"data-fim\"><input class=\"wpcf7-form-control wpcf7-date wpcf7-validates-as-required wpcf7-validates-as-date\" aria-required=\"true\" aria-invalid=\"false\" value=\"\" type=\"date\" name=\"data-fim\" \/><\/span> <\/label>\n<\/p>\n<p><label> Modalidade<br \/>\n<span class=\"wpcf7-form-control-wrap\" data-name=\"modalidade\"><select class=\"wpcf7-form-control wpcf7-select wpcf7-validates-as-required\" aria-required=\"true\" aria-invalid=\"false\" name=\"modalidade\"><option value=\"Presencial\">Presencial<\/option><option value=\"EaD\">EaD<\/option><\/select><\/span> <\/label>\n<\/p>\n<p><label> Abrang\u00eancia do curso<br \/>\n<span class=\"wpcf7-form-control-wrap\" data-name=\"abrangencia\"><select class=\"wpcf7-form-control wpcf7-select wpcf7-validates-as-required\" aria-required=\"true\" aria-invalid=\"false\" name=\"abrangencia\"><option value=\"Local\">Local<\/option><option value=\"Regional\">Regional<\/option><option value=\"Nacional\">Nacional<\/option><option value=\"Internacional\">Internacional<\/option><\/select><\/span> <\/label>\n<\/p>\n<p><label> Resumo do curso em 100 palavras<br \/>\n<span class=\"wpcf7-form-control-wrap\" data-name=\"resumo\"><textarea cols=\"40\" rows=\"10\" maxlength=\"2000\" class=\"wpcf7-form-control wpcf7-textarea wpcf7-validates-as-required\" aria-required=\"true\" aria-invalid=\"false\" name=\"resumo\"><\/textarea><\/span> <\/label>\n<\/p>\n<p><label> P\u00fablico-alvo<br \/>\n<span class=\"wpcf7-form-control-wrap\" data-name=\"publico-alvo\"><input size=\"40\" maxlength=\"400\" class=\"wpcf7-form-control wpcf7-text wpcf7-validates-as-required\" aria-required=\"true\" aria-invalid=\"false\" value=\"\" type=\"text\" name=\"publico-alvo\" \/><\/span> <\/label>\n<\/p>\n<p><label> Pr\u00e9-requisitos (instalar um software etc)<br \/>\n<span class=\"wpcf7-form-control-wrap\" data-name=\"pre-requisitos\"><textarea cols=\"40\" rows=\"10\" maxlength=\"2000\" class=\"wpcf7-form-control wpcf7-textarea wpcf7-validates-as-required\" aria-required=\"true\" aria-invalid=\"false\" name=\"pre-requisitos\"><\/textarea><\/span> <\/label>\n<\/p>\n<p><label> Objetivo geral do curso<br \/>\n<span class=\"wpcf7-form-control-wrap\" data-name=\"objetivo\"><textarea cols=\"40\" rows=\"10\" maxlength=\"2000\" class=\"wpcf7-form-control wpcf7-textarea wpcf7-validates-as-required\" aria-required=\"true\" aria-invalid=\"false\" name=\"objetivo\"><\/textarea><\/span> <\/label>\n<\/p>\n<p><label> Ementa (conte\u00fado do curso em palavras-chave)<br \/>\n<span class=\"wpcf7-form-control-wrap\" data-name=\"ementa\"><textarea cols=\"40\" rows=\"10\" maxlength=\"2000\" class=\"wpcf7-form-control wpcf7-textarea wpcf7-validates-as-required\" aria-required=\"true\" aria-invalid=\"false\" name=\"ementa\"><\/textarea><\/span> <\/label>\n<\/p>\n<p><label> Estrutura do curso (m\u00f3dulos\/unidades \u2014 listar)<br \/>\n<span class=\"wpcf7-form-control-wrap\" data-name=\"estrutura\"><textarea cols=\"40\" rows=\"10\" maxlength=\"2000\" class=\"wpcf7-form-control wpcf7-textarea wpcf7-validates-as-required\" aria-required=\"true\" aria-invalid=\"false\" name=\"estrutura\"><\/textarea><\/span> <\/label>\n<\/p>\n<p><label> Metodologia (ex: v\u00eddeos, textos, quizzes, etc.)<br \/>\n<span class=\"wpcf7-form-control-wrap\" data-name=\"metodologia\"><textarea cols=\"40\" rows=\"10\" maxlength=\"2000\" class=\"wpcf7-form-control wpcf7-textarea wpcf7-validates-as-required\" aria-required=\"true\" aria-invalid=\"false\" name=\"metodologia\"><\/textarea><\/span> <\/label>\n<\/p>\n<p><label> Forma de avalia\u00e7\u00e3o (question\u00e1rio final etc).<br \/>\n<span class=\"wpcf7-form-control-wrap\" data-name=\"avaliacao\"><textarea cols=\"40\" rows=\"10\" maxlength=\"2000\" class=\"wpcf7-form-control wpcf7-textarea wpcf7-validates-as-required\" aria-required=\"true\" aria-invalid=\"false\" name=\"avaliacao\"><\/textarea><\/span> <\/label>\n<\/p>\n<p><input class=\"wpcf7-form-control wpcf7-submit has-spinner\" type=\"submit\" value=\"Enviar Proposta\" \/>\n<\/p><div class=\"wpcf7-response-output\" aria-hidden=\"true\"><\/div>\n<\/form>\n<\/div>\n\n\n\n\n<p><\/p>\n","protected":false},"excerpt":{"rendered":"","protected":false},"author":7,"featured_media":0,"parent":0,"menu_order":0,"comment_status":"closed","ping_status":"closed","template":"","meta":{"footnotes":""},"class_list":["post-1059","page","type-page","status-publish","hentry"],"rttpg_featured_image_url":null,"rttpg_author":{"display_name":"Rodrigo Costa da Silva","author_link":"https:\/\/cursos.ic.ufmt.br\/index.php\/author\/rodrigo\/"},"rttpg_comment":0,"rttpg_category":null,"rttpg_excerpt":null,"_links":{"self":[{"href":"https:\/\/cursos.ic.ufmt.br\/index.php\/wp-json\/wp\/v2\/pages\/1059","targetHints":{"allow":["GET"]}}],"collection":[{"href":"https:\/\/cursos.ic.ufmt.br\/index.php\/wp-json\/wp\/v2\/pages"}],"about":[{"href":"https:\/\/cursos.ic.ufmt.br\/index.php\/wp-json\/wp\/v2\/types\/page"}],"author":[{"embeddable":true,"href":"https:\/\/cursos.ic.ufmt.br\/index.php\/wp-json\/wp\/v2\/users\/7"}],"replies":[{"embeddable":true,"href":"https:\/\/cursos.ic.ufmt.br\/index.php\/wp-json\/wp\/v2\/comments?post=1059"}],"version-history":[{"count":1,"href":"https:\/\/cursos.ic.ufmt.br\/index.php\/wp-json\/wp\/v2\/pages\/1059\/revisions"}],"predecessor-version":[{"id":1060,"href":"https:\/\/cursos.ic.ufmt.br\/index.php\/wp-json\/wp\/v2\/pages\/1059\/revisions\/1060"}],"wp:attachment":[{"href":"https:\/\/cursos.ic.ufmt.br\/index.php\/wp-json\/wp\/v2\/media?parent=1059"}],"curies":[{"name":"wp","href":"https:\/\/api.w.org\/{rel}","templated":true}]}}